{"id":60,"date":"2024-03-20T10:30:37","date_gmt":"2024-03-20T09:30:37","guid":{"rendered":"http:\/\/greenfrogdesign.com.pl\/?page_id=60"},"modified":"2025-04-05T21:32:53","modified_gmt":"2025-04-05T19:32:53","slug":"o-mnie","status":"publish","type":"page","link":"https:\/\/greenfrogdesign.com.pl\/?page_id=60","title":{"rendered":"m\u0105dro\u015bci"},"content":{"rendered":"\t\t<div data-elementor-type=\"wp-page\" data-elementor-id=\"60\" class=\"elementor elementor-60\">\n\t\t\t\t\t\t<section class=\"elementor-section elementor-top-section elementor-element elementor-element-24127e3c elementor-section-boxed elementor-section-height-default elementor-section-height-default\" data-id=\"24127e3c\" data-element_type=\"section\" data-e-type=\"section\" data-settings=\"{&quot;background_background&quot;:&quot;classic&quot;}\">\n\t\t\t\t\t\t<div class=\"elementor-container elementor-column-gap-default\">\n\t\t\t\t\t<div class=\"elementor-column elementor-col-100 elementor-top-column elementor-element elementor-element-7085aaf0\" data-id=\"7085aaf0\" data-element_type=\"column\" data-e-type=\"column\">\n\t\t\t<div class=\"elementor-widget-wrap elementor-element-populated\">\n\t\t\t\t\t\t<section class=\"elementor-section elementor-inner-section elementor-element elementor-element-7815cc00 elementor-section-height-min-height elementor-section-content-top elementor-section-boxed elementor-section-height-default\" data-id=\"7815cc00\" data-element_type=\"section\" data-e-type=\"section\">\n\t\t\t\t\t\t<div class=\"elementor-container elementor-column-gap-default\">\n\t\t\t\t\t<div class=\"elementor-column elementor-col-100 elementor-inner-column elementor-element elementor-element-3d75b082\" data-id=\"3d75b082\" data-element_type=\"column\" data-e-type=\"column\">\n\t\t\t<div class=\"elementor-widget-wrap elementor-element-populated\">\n\t\t\t\t\t\t<div class=\"elementor-element elementor-element-548d3509 elementor-widget__width-auto elementor-widget-tablet__width-inherit elementor-widget elementor-widget-heading\" data-id=\"548d3509\" data-element_type=\"widget\" data-e-type=\"widget\" data-widget_type=\"heading.default\">\n\t\t\t\t<div class=\"elementor-widget-container\">\n\t\t\t\t\t<h1 class=\"elementor-heading-title elementor-size-default\">filip<br><\/h1>\t\t\t\t<\/div>\n\t\t\t\t<\/div>\n\t\t\t\t<div class=\"elementor-element elementor-element-39a881d9 elementor-widget__width-initial elementor-widget elementor-widget-text-editor\" data-id=\"39a881d9\" data-element_type=\"widget\" data-e-type=\"widget\" data-widget_type=\"text-editor.default\">\n\t\t\t\t<div class=\"elementor-widget-container\">\n\t\t\t\t\t\t\t\t\t<p><span style=\"font-size: 24.2px;\">Je\u015bli szukacie niebanalnego, ciekawego grafika z w\u0142asnym stylem &#8211; oto jestem.<\/span><\/p><p><span style=\"font-size: 24.2px;\">Pasja, kreatywno\u015b\u0107 oraz do\u015bwiadczenie na rynku europejskim &#8211; to moje g\u0142\u00f3wne atuty.<\/span><\/p><p><span style=\"font-size: 24.2px;\">Moja historia zacz\u0119\u0142a si\u0119 dawno temu, gdy komputery Apple mia\u0142y jeszcze wi\u0119cej plastiku ni\u017c szk\u0142a, a sk\u0142ad\u00a0<\/span><span style=\"font-size: 24.2px; letter-spacing: 0px;\">tekstu robiono w Quarku, na\u015bwietlaj\u0105c klisze jak stare dobre filmy. W redakcji codziennej gazety dosta\u0142em\u00a0<\/span><span style=\"font-size: 24.2px; letter-spacing: 0px;\">pierwsz\u0105 lekcj\u0119 typografii, sk\u0142adu i pracy pod presj\u0105 &#8211; a presja to, jak wiadomo, najlepszy nauczyciel.\u00a0<\/span><span style=\"font-size: 24.2px; letter-spacing: 0px;\">Potem przysz\u0142y, ksi\u0105\u017cki, magazyny, wydawnictwa i ca\u0142a reszta ciekawych rzeczy.\u00a0<\/span><\/p><p><span style=\"font-size: 24.2px; letter-spacing: 0px;\">No i ludzie &#8211; nauczyciele\u00a0<\/span><span style=\"font-size: 24.2px; letter-spacing: 0px;\">i przyjaciele po fachu. Pocz\u0105tek wieku. Pocz\u0105tek przygody. Pocz\u0105tek patrzenia na \u015bwiat zupe\u0142nie inaczej.<\/span><\/p><p><span style=\"font-size: 24.2px; letter-spacing: 0px;\">\u00a0<\/span><\/p><p><span style=\"font-size: 24.2px; letter-spacing: 0px;\">Tak to si\u0119 dzia\u0142o.<\/span><\/p><p><span style=\"font-size: 24.2px; letter-spacing: 0px;\">\u00a0<\/span><\/p><p><span style=\"font-size: 24.2px;\">Zatem na pocz\u0105tku du\u017ce wydawnictwo. Ma\u0142y, acz \u015bwietny zesp\u00f3\u0142 profesjonalist\u00f3w, kt\u00f3ry skory by\u0142 do\u00a0<\/span><span style=\"font-size: 24.2px; letter-spacing: 0px;\">nauczania m\u0142odego, nieopierzonego studenta witra\u017cu i malarstwa. Reszta drogi zapewnie ju\u017c znana.\u00a0<\/span><span style=\"font-size: 24.2px; letter-spacing: 0px;\">Studia graficzne, agencje reklamowe, potem wyjazdy i dalsza praca w bran\u017cy. By\u0142o bardzo \u015bwiatowo!<\/span><\/p><p><span style=\"font-size: 24.2px;\">Jaki jestem?<\/span><\/p><p><span style=\"font-size: 24.2px;\">Nie\u015bpieszny, ale nie powolny. Kreatywny, cho\u0107 nie zawsze patrz\u0105cy na \u015bwiat zgodnie z trendami.\u00a0<\/span><span style=\"font-size: 24.2px; letter-spacing: 0px;\">Uwa\u017cny, dok\u0142adny, <br \/>z zasadami. Wyrobiony w\u0142asny styl, retro minimalistyczny, <br \/>z nostalgi\u0105 lat 90, ale i wsp\u00f3\u0142czesnym\u00a0<\/span><span style=\"font-size: 24.2px; letter-spacing: 0px;\">sznytem. Wa\u017cne s\u0105 kolory, proporcje, geometria, smak i du\u017ca doza szale\u0144stwa. Moje projekty tworz\u0119\u00a0<\/span><span style=\"font-size: 24.2px; letter-spacing: 0px;\">z charakterem &#8211; takie, kt\u00f3re nie tylko wygl\u0105daj\u0105 dobrze, ale te\u017c dzia\u0142aj\u0105.\u00a0<\/span><\/p><p><span style=\"font-size: 24.2px; letter-spacing: 0px;\">Aaaa &#8211; klient ma zawsze racj\u0119!\u00a0<\/span><\/p><p><span style=\"font-size: 24.2px; letter-spacing: 0px; background-color: var( --e-global-color-secondary );\">Zatem je\u015bli szukacie kogo\u015b, kto nie boi si\u0119 my\u015ble\u0107 inaczej, potrafi zapanowa\u0107 czasem nad <\/span><span style=\"font-size: 24.2px; letter-spacing: 0px; background-color: var( --e-global-color-secondary );\">chaosem a i na spokoju pomy\u015ble\u0107 o wszystkim i jeszcze dobrze si\u0119 przy tym \u015bwietnie bawi &#8211; porozmawiajmy.<\/span><\/p><p><span style=\"font-size: 24.2px;\">&#8230;a rozmawia\u0107 lubi\u0119, podcaster ze mnie z do\u015bwiadczeniem&#8230;<\/span><\/p><p>\u00a0<\/p><p><span style=\"font-size: 24.2px; letter-spacing: 0px; background-color: var( --e-global-color-secondary );\">Nie tylko publikacje s\u0105 moj\u0105 ulubion\u0105 form\u0105 kreacji. \u015awietnie czuj\u0119 si\u0119 w projektowaniu opakowa\u0144, tworzeniu\u00a0<\/span><span style=\"font-size: 24.2px; letter-spacing: 0px; background-color: var( --e-global-color-secondary );\">niebanalnych form prezentacji i personalizacji pod indywidualnego klienta.\u00a0<\/span><span style=\"font-size: 24.2px; letter-spacing: 0px; background-color: var( --e-global-color-secondary );\">Praca dla tak du\u017cych klient\u00f3w jak koncern Pernod Ricard (w\u0142a\u015bciciel marki Jameson, Absolut, Havana Club,\u00a0<\/span><span style=\"font-size: 24.2px; letter-spacing: 0px; background-color: var( --e-global-color-secondary );\">Wyborowa), Tesco, Lidl, Unilever, VW, MAN da\u0142a mi du\u017co zadowolenia oraz rozszerzy\u0142a moje zdolno\u015bci kreatywne\u00a0<\/span><span style=\"font-size: 24.2px; letter-spacing: 0px; background-color: var( --e-global-color-secondary );\">i poznawcze. Pomog\u0142a tak\u017ce znajdowa\u0107 ciekawe\u00a0<\/span><\/p><p><span style=\"font-size: 24.2px; letter-spacing: 0px;\">i niebanalne rozwi\u0105zania dla zleconych projekt\u00f3w.<\/span><\/p><p>Zatem typografia, praca z tekstem oraz projektowanie opakowa\u0144 to moje ulubione obszary kreacji, w kt\u00f3rych czuj\u0119\u00a0<span style=\"font-size: 24.2px; letter-spacing: 0px;\">si\u0119 najlepiej. Styl, prostota, symetria, czysto\u015b\u0107 designu, czytelno\u015b\u0107 przekazu &#8211; to mnie opisuje. A i geometria<\/span><span style=\"font-size: 24.2px; letter-spacing: 0px;\"> i symetria &#8211; lubi\u0119 \u017ceby by\u0142o wszystko u\u0142o\u017cone i mia\u0142o sens.<\/span><span style=\"font-size: 24.2px; letter-spacing: 0px;\">\u00a0<\/span><\/p><p>\u00a0<\/p><p>Jak pracuj\u0119?\u00a0<\/p><p>\u00a0<\/p><p>Grafika wektorowa oraz krzywe B\u00e9ziera. InDesign &#8211; zabawa <br \/>z literami. Photoshop &#8211; niech \u017cyj\u0105 pixele.<\/p><p>Tworzenie logotyp\u00f3w, magazyn\u00f3w, infografik, retusz zdj\u0119\u0107 oraz dokument\u00f3w brand ID.<\/p><p>Niebanalne, cho\u0107 lekko prze\u0142adowane portfolio pokazuje moj\u0105 pasj\u0119 do kreacji oraz tworzenia lepszego oraz prostszego\u00a0<span style=\"font-size: 24.2px; letter-spacing: 0px;\">\u015bwiata. Do\u015bwiadczenie zdobyte za granic\u0105,\u00a0 praca z lud\u017ami ze wszystkich stron \u015bwiata da\u0142y mi wolno\u015b\u0107 <br \/>i otwarto\u015b\u0107\u00a0<\/span><span style=\"font-size: 24.2px; letter-spacing: 0px;\">my\u015blenia, kt\u00f3re s\u0105 tak bardzo potrzebne w tej kreatywnej profesji.<\/span><\/p><p><span style=\"font-size: 24.2px; letter-spacing: 0px;\">\u00a0<\/span><\/p><p>Prawie trzydzie\u015bci lat pracy ukszta\u0142towa\u0142o m\u00f3j styl oraz \u015bwiadomo\u015b\u0107 w\u0142asnych warto\u015bci oraz umiej\u0119tno\u015bci.<\/p><p>Jestem przekonany, \u017ce podczas naszego spotkania, poznacie dok\u0142adniej moje portfolio. Dok\u0142adniej, bo zapewnie ujawni si\u0119 moje gadulstwo, podczas opisywania prac. Jestem tak\u017ce przekonany, ze nie tylko praca, projekty, kt\u00f3re mia\u0142em przyjemno\u015b\u0107 prowadzi\u0107 b\u0119d\u0105 ciekawe, ale i moja niebywale skromna osoba, Was zaciekawi.\u00a0 Cz\u0142owiek <span style=\"font-size: 24.2px; letter-spacing: 0px;\">pe\u0142en pasji, z wizj\u0105 i niebanalnym spojrzeniem na graficzny \u015bwiat.<\/span><\/p><p>\u00a0<\/p>\t\t\t\t\t\t\t\t<\/div>\n\t\t\t\t<\/div>\n\t\t\t\t\t<\/div>\n\t\t<\/div>\n\t\t\t\t\t<\/div>\n\t\t<\/section>\n\t\t\t\t<section class=\"elementor-section elementor-inner-section elementor-element elementor-element-817c678 elementor-section-boxed elementor-section-height-default elementor-section-height-default\" data-id=\"817c678\" data-element_type=\"section\" data-e-type=\"section\" data-settings=\"{&quot;background_background&quot;:&quot;classic&quot;}\">\n\t\t\t\t\t\t<div class=\"elementor-container elementor-column-gap-default\">\n\t\t\t\t\t<div class=\"elementor-column elementor-col-100 elementor-inner-column elementor-element elementor-element-88b5de4\" data-id=\"88b5de4\" data-element_type=\"column\" data-e-type=\"column\">\n\t\t\t<div class=\"elementor-widget-wrap elementor-element-populated\">\n\t\t\t\t\t\t<div class=\"elementor-element elementor-element-d2c23c8 elementor-widget elementor-widget-image\" data-id=\"d2c23c8\" data-element_type=\"widget\" data-e-type=\"widget\" data-widget_type=\"image.default\">\n\t\t\t\t<div class=\"elementor-widget-container\">\n\t\t\t\t\t\t\t\t\t\t\t\t\t\t\t<img decoding=\"async\" src=\"https:\/\/greenfrogdesign.com.pl\/wp-content\/uploads\/2024\/03\/cropped-GFD.png\" title=\"cropped-GFD.png\" alt=\"cropped-GFD.png\" loading=\"lazy\" \/>\t\t\t\t\t\t\t\t\t\t\t\t\t\t\t<\/div>\n\t\t\t\t<\/div>\n\t\t\t\t<div class=\"elementor-element elementor-element-e417944 elementor-align-center elementor-mobile-align-center elementor-icon-list--layout-inline elementor-list-item-link-full_width elementor-widget elementor-widget-icon-list\" data-id=\"e417944\" data-element_type=\"widget\" data-e-type=\"widget\" data-widget_type=\"icon-list.default\">\n\t\t\t\t<div class=\"elementor-widget-container\">\n\t\t\t\t\t\t\t<ul class=\"elementor-icon-list-items elementor-inline-items\">\n\t\t\t\t\t\t\t<li class=\"elementor-icon-list-item elementor-inline-item\">\n\t\t\t\t\t\t\t\t\t\t\t<a href=\"http:\/\/greenfrogdesign.com.pl\/\">\n\n\t\t\t\t\t\t\t\t\t\t\t\t<span class=\"elementor-icon-list-icon\">\n\t\t\t\t\t\t\t<svg aria-hidden=\"true\" class=\"e-font-icon-svg e-far-copyright\" viewBox=\"0 0 512 512\" xmlns=\"http:\/\/www.w3.org\/2000\/svg\"><path d=\"M256 8C119.033 8 8 119.033 8 256s111.033 248 248 248 248-111.033 248-248S392.967 8 256 8zm0 448c-110.532 0-200-89.451-200-200 0-110.531 89.451-200 200-200 110.532 0 200 89.451 200 200 0 110.532-89.451 200-200 200zm107.351-101.064c-9.614 9.712-45.53 41.396-104.065 41.396-82.43 0-140.484-61.425-140.484-141.567 0-79.152 60.275-139.401 139.762-139.401 55.531 0 88.738 26.62 97.593 34.779a11.965 11.965 0 0 1 1.936 15.322l-18.155 28.113c-3.841 5.95-11.966 7.282-17.499 2.921-8.595-6.776-31.814-22.538-61.708-22.538-48.303 0-77.916 35.33-77.916 80.082 0 41.589 26.888 83.692 78.277 83.692 32.657 0 56.843-19.039 65.726-27.225 5.27-4.857 13.596-4.039 17.82 1.738l19.865 27.17a11.947 11.947 0 0 1-1.152 15.518z\"><\/path><\/svg>\t\t\t\t\t\t<\/span>\n\t\t\t\t\t\t\t\t\t\t<span class=\"elementor-icon-list-text\">Green Frog Design<\/span>\n\t\t\t\t\t\t\t\t\t\t\t<\/a>\n\t\t\t\t\t\t\t\t\t<\/li>\n\t\t\t\t\t\t<\/ul>\n\t\t\t\t\t\t<\/div>\n\t\t\t\t<\/div>\n\t\t\t\t<div class=\"elementor-element elementor-element-ca2a519 elementor-align-center elementor-mobile-align-center elementor-icon-list--layout-inline elementor-list-item-link-full_width elementor-widget elementor-widget-icon-list\" data-id=\"ca2a519\" data-element_type=\"widget\" data-e-type=\"widget\" data-widget_type=\"icon-list.default\">\n\t\t\t\t<div class=\"elementor-widget-container\">\n\t\t\t\t\t\t\t<ul class=\"elementor-icon-list-items elementor-inline-items\">\n\t\t\t\t\t\t\t<li class=\"elementor-icon-list-item elementor-inline-item\">\n\t\t\t\t\t\t\t\t\t\t\t<a href=\"http:\/\/greenfrogdesign.com.pl\/polityka-prywatnosci\/\">\n\n\t\t\t\t\t\t\t\t\t\t\t\t<span class=\"elementor-icon-list-icon\">\n\t\t\t\t\t\t\t\t\t\t\t\t\t<\/span>\n\t\t\t\t\t\t\t\t\t\t<span class=\"elementor-icon-list-text\">Polityka prywatno\u015bci<\/span>\n\t\t\t\t\t\t\t\t\t\t\t<\/a>\n\t\t\t\t\t\t\t\t\t<\/li>\n\t\t\t\t\t\t<\/ul>\n\t\t\t\t\t\t<\/div>\n\t\t\t\t<\/div>\n\t\t\t\t\t<\/div>\n\t\t<\/div>\n\t\t\t\t\t<\/div>\n\t\t<\/section>\n\t\t\t\t\t<\/div>\n\t\t<\/div>\n\t\t\t\t\t<\/div>\n\t\t<\/section>\n\t\t\t\t<\/div>\n\t\t","protected":false},"excerpt":{"rendered":"<p>filip Je\u015bli szukacie niebanalnego, ciekawego grafika z w\u0142asnym stylem &#8211; oto jestem. Pasja, kreatywno\u015b\u0107 oraz do\u015bwiadczenie na rynku europejskim &#8211; to moje g\u0142\u00f3wne atuty. Moja historia zacz\u0119\u0142a si\u0119 dawno temu, gdy komputery Apple mia\u0142y jeszcze wi\u0119cej plastiku ni\u017c szk\u0142a, a sk\u0142ad\u00a0tekstu robiono w Quarku, na\u015bwietlaj\u0105c klisze jak stare dobre filmy. W redakcji codziennej gazety dosta\u0142em\u00a0pierwsz\u0105 [&hellip;]<\/p>\n","protected":false},"author":2,"featured_media":0,"parent":0,"menu_order":0,"comment_status":"closed","ping_status":"closed","template":"","meta":{"ocean_post_layout":"full-screen","ocean_both_sidebars_style":"","ocean_both_sidebars_content_width":0,"ocean_both_sidebars_sidebars_width":0,"ocean_sidebar":"","ocean_second_sidebar":"","ocean_disable_margins":"enable","ocean_add_body_class":"","ocean_shortcode_before_top_bar":"","ocean_shortcode_after_top_bar":"","ocean_shortcode_before_header":"","ocean_shortcode_after_header":"","ocean_has_shortcode":"","ocean_shortcode_after_title":"","ocean_shortcode_before_footer_widgets":"","ocean_shortcode_after_footer_widgets":"","ocean_shortcode_before_footer_bottom":"","ocean_shortcode_after_footer_bottom":"","ocean_display_top_bar":"off","ocean_display_header":"default","ocean_header_style":"","ocean_center_header_left_menu":"","ocean_custom_header_template":"","ocean_custom_logo":0,"ocean_custom_retina_logo":0,"ocean_custom_logo_max_width":0,"ocean_custom_logo_tablet_max_width":0,"ocean_custom_logo_mobile_max_width":0,"ocean_custom_logo_max_height":0,"ocean_custom_logo_tablet_max_height":0,"ocean_custom_logo_mobile_max_height":0,"ocean_header_custom_menu":"","ocean_menu_typo_font_family":"","ocean_menu_typo_font_subset":"","ocean_menu_typo_font_size":0,"ocean_menu_typo_font_size_tablet":0,"ocean_menu_typo_font_size_mobile":0,"ocean_menu_typo_font_size_unit":"px","ocean_menu_typo_font_weight":"","ocean_menu_typo_font_weight_tablet":"","ocean_menu_typo_font_weight_mobile":"","ocean_menu_typo_transform":"","ocean_menu_typo_transform_tablet":"","ocean_menu_typo_transform_mobile":"","ocean_menu_typo_line_height":0,"ocean_menu_typo_line_height_tablet":0,"ocean_menu_typo_line_height_mobile":0,"ocean_menu_typo_line_height_unit":"","ocean_menu_typo_spacing":0,"ocean_menu_typo_spacing_tablet":0,"ocean_menu_typo_spacing_mobile":0,"ocean_menu_typo_spacing_unit":"","ocean_menu_link_color":"","ocean_menu_link_color_hover":"","ocean_menu_link_color_active":"","ocean_menu_link_background":"","ocean_menu_link_hover_background":"","ocean_menu_link_active_background":"","ocean_menu_social_links_bg":"","ocean_menu_social_hover_links_bg":"","ocean_menu_social_links_color":"","ocean_menu_social_hover_links_color":"","ocean_disable_title":"on","ocean_disable_heading":"default","ocean_post_title":"","ocean_post_subheading":"","ocean_post_title_style":"","ocean_post_title_background_color":"","ocean_post_title_background":0,"ocean_post_title_bg_image_position":"","ocean_post_title_bg_image_attachment":"","ocean_post_title_bg_image_repeat":"","ocean_post_title_bg_image_size":"","ocean_post_title_height":0,"ocean_post_title_bg_overlay":0.5,"ocean_post_title_bg_overlay_color":"","ocean_disable_breadcrumbs":"default","ocean_breadcrumbs_color":"","ocean_breadcrumbs_separator_color":"","ocean_breadcrumbs_links_color":"","ocean_breadcrumbs_links_hover_color":"","ocean_display_footer_widgets":"off","ocean_display_footer_bottom":"off","ocean_custom_footer_template":"","footnotes":""},"class_list":["post-60","page","type-page","status-publish","hentry","entry"],"_links":{"self":[{"href":"https:\/\/greenfrogdesign.com.pl\/index.php?rest_route=\/wp\/v2\/pages\/60","targetHints":{"allow":["GET"]}}],"collection":[{"href":"https:\/\/greenfrogdesign.com.pl\/index.php?rest_route=\/wp\/v2\/pages"}],"about":[{"href":"https:\/\/greenfrogdesign.com.pl\/index.php?rest_route=\/wp\/v2\/types\/page"}],"author":[{"embeddable":true,"href":"https:\/\/greenfrogdesign.com.pl\/index.php?rest_route=\/wp\/v2\/users\/2"}],"replies":[{"embeddable":true,"href":"https:\/\/greenfrogdesign.com.pl\/index.php?rest_route=%2Fwp%2Fv2%2Fcomments&post=60"}],"version-history":[{"count":134,"href":"https:\/\/greenfrogdesign.com.pl\/index.php?rest_route=\/wp\/v2\/pages\/60\/revisions"}],"predecessor-version":[{"id":1071,"href":"https:\/\/greenfrogdesign.com.pl\/index.php?rest_route=\/wp\/v2\/pages\/60\/revisions\/1071"}],"wp:attachment":[{"href":"https:\/\/greenfrogdesign.com.pl\/index.php?rest_route=%2Fwp%2Fv2%2Fmedia&parent=60"}],"curies":[{"name":"wp","href":"https:\/\/api.w.org\/{rel}","templated":true}]}}